{"id":5100,"date":"2025-02-21T15:02:45","date_gmt":"2025-02-21T15:02:45","guid":{"rendered":"https:\/\/lexysadvocaten.nl\/advocaat-curacao\/"},"modified":"2026-03-24T11:26:49","modified_gmt":"2026-03-24T10:26:49","slug":"lawyer-curacao","status":"publish","type":"page","link":"https:\/\/lexysadvocaten.nl\/en\/lawyer-curacao\/","title":{"rendered":"Lawyer Cura\u00e7ao specializing in real estate and VvE"},"content":{"rendered":"<p>Lexys Advocaten has its main office in Rotterdam. From there, the law firm serves clients throughout the kingdom, including Cura\u00e7ao and the other former Netherlands Antilles. Lexys' lawyers are specialized in real estate law. They completed their law studies and training in the Netherlands and gained practical experience in Curacao, among other places. The differences between the law in the Netherlands and in Cura\u00e7ao are very small. Nevertheless, it is important that a lawyer in Cura\u00e7ao is a specialist in the area of law he handles. Because even though the differences are small, those differences can have major consequences.<\/p>\n<h2>Civil Code of Cura\u00e7ao<\/h2>\n<p>On October 10, 2010, there were major changes in the constitutional relations of the Kingdom of the Netherlands. The former Netherlands Antilles were dissolved on that day and Cura\u00e7ao became an independent country. So from that moment on, Cura\u00e7ao also had to take care of its own legislation. The country of Cura\u00e7ao subsequently declared a very large part of the Dutch Civil Code applicable. However, legislative changes are the order of the day. Law changes that have taken place in the Netherlands since 2010 have not been implemented in the Cura\u00e7ao code. In addition, given the political or social developments in Cura\u00e7ao, there have also been legislative changes that again are not found in the Dutch Civil Code.<\/p>\n<h2><\/h2>\n<h2>Real estate lawyer Curacao<\/h2>\n<p>Lexys attorneys know the differences between the Dutch and Cura\u00e7ao legal codes. They know their way around and can advise their clients in detail about their rights and obligations with regard to real estate in Cura\u00e7ao. This is important because a common mistake is the assumption that the Cura\u00e7ao code is the same as in the Netherlands. As explained above, this is certainly not the case. However, case law from the Netherlands can also be applied in Cura\u00e7ao, and vice versa. And if you want to continue litigating in Cura\u00e7ao after an appeal, you will find yourself at the\u00a0<a href=\"https:\/\/www.hogeraad.nl\/\" target=\"_blank\" rel=\"noopener\">Supreme Court<\/a>\u00a0in The Hague.<\/p>\n<h2>Track record Lexys Lawyers Cura\u00e7ao<\/h2>\n<p>Over the years, Lexys' real estate specialists have built a respectable track record of cases they have handled as Cura\u00e7ao lawyers. For example, they have successfully acted for a real estate developer in a\u00a0<a href=\"https:\/\/lexysadvocaten.nl\/en\/jurisdictions\/real-estate-law\/limitation-period\/\">dispute over a property line<\/a>\u00a0near Willemstad. In addition, Lexys attorneys have several cases on\u00a0<a href=\"https:\/\/lexysadvocaten.nl\/en\/lawyer-curacao\/vve-and-apartment-right-on-curacao\/\">Unions in Cura\u00e7ao<\/a>\u00a0handled. In addition, they handle cases on\u00a0<a href=\"https:\/\/lexysadvocaten.nl\/en\/lawyer-curacao\/leasehold-curacao\/\">ground lease in Curacao<\/a>, building rights and other rights in rem. But also at the\u00a0<a href=\"https:\/\/lexysadvocaten.nl\/en\/lawyer-curacao\/purchase-of-real-estate-on-curacao\/\">Purchase and sale of real estate on Cura\u00e7ao<\/a>\u00a0Lexys attorneys are regularly involved.<\/p>\n<h2>Contact Attorney at Law Curacao<\/h2>\n<p>Please call us via WhatsApp, send us an email, or fill in the contact form below. We will then contact you as soon as possible by email or phone.<\/p>","protected":false},"excerpt":{"rendered":"<p>Lexys Advocaten has its main office in Rotterdam. From there, the law firm serves clients throughout the kingdom, including Cura\u00e7ao and the other former Netherlands Antilles. Lexys' lawyers are specialized in real estate law. They completed their law studies and training in the Netherlands and gained practical experience in Curacao, among other places....<\/p>","protected":false},"author":4,"featured_media":0,"parent":0,"menu_order":0,"comment_status":"closed","ping_status":"closed","template":"page-templates\/lawyer-curacao.php","meta":{"_acf_changed":false,"footnotes":""},"class_list":["post-5100","page","type-page","status-publish","hentry"],"acf":[],"yoast_head":"<!-- This site is optimized with the Yoast SEO plugin v26.9 - https:\/\/yoast.com\/product\/yoast-seo-wordpress\/ -->\n<title>Advocaat Cura\u00e7ao gespecialiseerd in vastgoed en VvE - Lexys advocaten<\/title>\n<meta name=\"description\" content=\"Lexys Advocaten adviseert en procedeert ook op Cura\u00e7ao. Lees hier wat de advocaat Cura\u00e7ao van Lexys voor u kan betekenen.\" \/>\n<meta name=\"robots\" content=\"index, follow, max-snippet:-1, max-image-preview:large, max-video-preview:-1\" \/>\n<link rel=\"canonical\" href=\"https:\/\/lexysadvocaten.nl\/en\/lawyer-curacao\/\" \/>\n<meta property=\"og:locale\" content=\"en_US\" \/>\n<meta property=\"og:type\" content=\"article\" \/>\n<meta property=\"og:title\" content=\"Advocaat Cura\u00e7ao gespecialiseerd in vastgoed en VvE - Lexys advocaten\" \/>\n<meta property=\"og:description\" content=\"Lexys Advocaten adviseert en procedeert ook op Cura\u00e7ao. Lees hier wat de advocaat Cura\u00e7ao van Lexys voor u kan betekenen.\" \/>\n<meta property=\"og:url\" content=\"https:\/\/lexysadvocaten.nl\/en\/lawyer-curacao\/\" \/>\n<meta property=\"og:site_name\" content=\"Lexys advocaten\" \/>\n<meta property=\"article:modified_time\" content=\"2026-03-24T10:26:49+00:00\" \/>\n<meta name=\"twitter:card\" content=\"summary_large_image\" \/>\n<meta name=\"twitter:label1\" content=\"Est. reading time\" \/>\n\t<meta name=\"twitter:data1\" content=\"2 minutes\" \/>\n<script type=\"application\/ld+json\" class=\"yoast-schema-graph\">{\"@context\":\"https:\/\/schema.org\",\"@graph\":[{\"@type\":\"WebPage\",\"@id\":\"https:\/\/lexysadvocaten.nl\/advocaat-curacao\/\",\"url\":\"https:\/\/lexysadvocaten.nl\/advocaat-curacao\/\",\"name\":\"Advocaat Cura\u00e7ao gespecialiseerd in vastgoed en VvE - Lexys advocaten\",\"isPartOf\":{\"@id\":\"https:\/\/lexysadvocaten.nl\/#website\"},\"datePublished\":\"2025-02-21T15:02:45+00:00\",\"dateModified\":\"2026-03-24T10:26:49+00:00\",\"description\":\"Lexys Advocaten adviseert en procedeert ook op Cura\u00e7ao. Lees hier wat de advocaat Cura\u00e7ao van Lexys voor u kan betekenen.\",\"breadcrumb\":{\"@id\":\"https:\/\/lexysadvocaten.nl\/advocaat-curacao\/#breadcrumb\"},\"inLanguage\":\"en-US\",\"potentialAction\":[{\"@type\":\"ReadAction\",\"target\":[\"https:\/\/lexysadvocaten.nl\/advocaat-curacao\/\"]}]},{\"@type\":\"BreadcrumbList\",\"@id\":\"https:\/\/lexysadvocaten.nl\/advocaat-curacao\/#breadcrumb\",\"itemListElement\":[{\"@type\":\"ListItem\",\"position\":1,\"name\":\"Home\",\"item\":\"https:\/\/lexysadvocaten.nl\/\"},{\"@type\":\"ListItem\",\"position\":2,\"name\":\"Advocaat Cura\u00e7ao gespecialiseerd in vastgoed en VvE\"}]},{\"@type\":\"WebSite\",\"@id\":\"https:\/\/lexysadvocaten.nl\/#website\",\"url\":\"https:\/\/lexysadvocaten.nl\/\",\"name\":\"Lexys advocaten\",\"description\":\"\",\"potentialAction\":[{\"@type\":\"SearchAction\",\"target\":{\"@type\":\"EntryPoint\",\"urlTemplate\":\"https:\/\/lexysadvocaten.nl\/?s={search_term_string}\"},\"query-input\":{\"@type\":\"PropertyValueSpecification\",\"valueRequired\":true,\"valueName\":\"search_term_string\"}}],\"inLanguage\":\"en-US\"}]}<\/script>\n<!-- \/ Yoast SEO plugin. -->","yoast_head_json":{"title":"Lawyer Curacao specialized in real estate and VvE - Lexys lawyers","description":"Lexys Lawyers also advises and litigates in Cura\u00e7ao. Read here what the Cura\u00e7ao lawyer at Lexys can do for you.","robots":{"index":"index","follow":"follow","max-snippet":"max-snippet:-1","max-image-preview":"max-image-preview:large","max-video-preview":"max-video-preview:-1"},"canonical":"https:\/\/lexysadvocaten.nl\/en\/lawyer-curacao\/","og_locale":"en_US","og_type":"article","og_title":"Advocaat Cura\u00e7ao gespecialiseerd in vastgoed en VvE - Lexys advocaten","og_description":"Lexys Advocaten adviseert en procedeert ook op Cura\u00e7ao. Lees hier wat de advocaat Cura\u00e7ao van Lexys voor u kan betekenen.","og_url":"https:\/\/lexysadvocaten.nl\/en\/lawyer-curacao\/","og_site_name":"Lexys advocaten","article_modified_time":"2026-03-24T10:26:49+00:00","twitter_card":"summary_large_image","twitter_misc":{"Est. reading time":"2 minutes"},"schema":{"@context":"https:\/\/schema.org","@graph":[{"@type":"WebPage","@id":"https:\/\/lexysadvocaten.nl\/advocaat-curacao\/","url":"https:\/\/lexysadvocaten.nl\/advocaat-curacao\/","name":"Lawyer Curacao specialized in real estate and VvE - Lexys lawyers","isPartOf":{"@id":"https:\/\/lexysadvocaten.nl\/#website"},"datePublished":"2025-02-21T15:02:45+00:00","dateModified":"2026-03-24T10:26:49+00:00","description":"Lexys Lawyers also advises and litigates in Cura\u00e7ao. Read here what the Cura\u00e7ao lawyer at Lexys can do for you.","breadcrumb":{"@id":"https:\/\/lexysadvocaten.nl\/advocaat-curacao\/#breadcrumb"},"inLanguage":"en-US","potentialAction":[{"@type":"ReadAction","target":["https:\/\/lexysadvocaten.nl\/advocaat-curacao\/"]}]},{"@type":"BreadcrumbList","@id":"https:\/\/lexysadvocaten.nl\/advocaat-curacao\/#breadcrumb","itemListElement":[{"@type":"ListItem","position":1,"name":"Home","item":"https:\/\/lexysadvocaten.nl\/"},{"@type":"ListItem","position":2,"name":"Advocaat Cura\u00e7ao gespecialiseerd in vastgoed en VvE"}]},{"@type":"WebSite","@id":"https:\/\/lexysadvocaten.nl\/#website","url":"https:\/\/lexysadvocaten.nl\/","name":"Lexys lawyers","description":"","potentialAction":[{"@type":"SearchAction","target":{"@type":"EntryPoint","urlTemplate":"https:\/\/lexysadvocaten.nl\/?s={search_term_string}"},"query-input":{"@type":"PropertyValueSpecification","valueRequired":true,"valueName":"search_term_string"}}],"inLanguage":"en-US"}]}},"_links":{"self":[{"href":"https:\/\/lexysadvocaten.nl\/en\/wp-json\/wp\/v2\/pages\/5100","targetHints":{"allow":["GET"]}}],"collection":[{"href":"https:\/\/lexysadvocaten.nl\/en\/wp-json\/wp\/v2\/pages"}],"about":[{"href":"https:\/\/lexysadvocaten.nl\/en\/wp-json\/wp\/v2\/types\/page"}],"author":[{"embeddable":true,"href":"https:\/\/lexysadvocaten.nl\/en\/wp-json\/wp\/v2\/users\/4"}],"replies":[{"embeddable":true,"href":"https:\/\/lexysadvocaten.nl\/en\/wp-json\/wp\/v2\/comments?post=5100"}],"version-history":[{"count":9,"href":"https:\/\/lexysadvocaten.nl\/en\/wp-json\/wp\/v2\/pages\/5100\/revisions"}],"predecessor-version":[{"id":7935,"href":"https:\/\/lexysadvocaten.nl\/en\/wp-json\/wp\/v2\/pages\/5100\/revisions\/7935"}],"wp:attachment":[{"href":"https:\/\/lexysadvocaten.nl\/en\/wp-json\/wp\/v2\/media?parent=5100"}],"curies":[{"name":"wp","href":"https:\/\/api.w.org\/{rel}","templated":true}]}}