{"id":5195,"date":"2025-02-21T15:02:48","date_gmt":"2025-02-21T15:02:48","guid":{"rendered":"https:\/\/lexysadvocaten.nl\/advocaat-curacao\/vve-en-appartementsrecht-op-curacao\/"},"modified":"2026-03-24T11:27:41","modified_gmt":"2026-03-24T10:27:41","slug":"vve-and-apartment-right-on-curacao","status":"publish","type":"page","link":"https:\/\/lexysadvocaten.nl\/en\/lawyer-curacao\/vve-and-apartment-right-on-curacao\/","title":{"rendered":"VvE and apartment right on Curacao"},"content":{"rendered":"<p>On Cura\u00e7ao, there are frequent conflicts related to the <a href=\"https:\/\/lexysadvocaten.nl\/en\/jurisdictions\/real-estate-law\/vve\/\">Owners Association<\/a> (<a href=\"https:\/\/lexysadvocaten.nl\/en\/jurisdictions\/real-estate-law\/vve\/\">VvE<\/a>). There are several types of these on the island. For example, we know the \u2018ordinary\u2019 VvE which is found in Book 5 of the Civil Code of Cura\u00e7ao. These rules are almost the same as for BoE's in the Netherlands. Special BoEs are also common in Cura\u00e7ao. The legal rules for these are found in Book 2 of the Civil Code of Cura\u00e7ao. These are associations established to manage an estate, compound or park. On such complexes there is often also mandeliness, which is managed by the VvE in question.<\/p>\n<h2>Dispute about VvE in Curacao<\/h2>\n<p>Disputes regarding an BoE in Cura\u00e7ao often concern decisions that have been taken, the way the BoE is managed, or disputes between the members of the BoE. What makes BoEs in Cura\u00e7ao special is that there is often a combination of apartment owners, each of whom has its own purpose with their apartment. For example, it is relatively common that one or more restaurants, a hotel, vacation apartments for own use, vacation apartments for rent, but also owners or users who live permanently in the complex, are part of a CoE in Cura\u00e7ao. As the interests of these groups diverge, conflicts quickly arise. Lexys Advocaten specializes in resolving VvE disputes in Curacao.<\/p>\n<p>&nbsp;<\/p>\n<h2>Ownership Agreement Curacao: timeshare or part-time apartment<\/h2>\n<p>Another peculiarity of VvEs in Curacao, is the concept of a part-time apartment right enshrined in the law. This was done in connection with the <a href=\"https:\/\/lexysadvocaten.nl\/en\/service\/advocaat-curacao-voor-vastgoed-en-vve\/timeshare-geschil-op-curacao\/\">timeshare<\/a> practice common in the former Netherlands Antilles. A part-time apartment right is a combination of shared ownership (the apartment right) and timeshare. Whereas an \u2018ordinary\u2019 apartment right includes a share in the building or complex and in addition the exclusive right to use an apartment, the latter is different with a part-time apartment right. With a part-time apartment, you only have a right to use the apartment at certain regularly recurring times. On the other hand, you are co-owner in the complex.<\/p>\n<h2>Lawyer in Curacao<\/h2>\n<p>The attorneys at Lexys Lawyers (headquartered in Rotterdam, the Netherlands) have extensive experience in advising and litigating for and against VvEs in Cura\u00e7ao. The attorneys can therefore often be found on the island. In case of proceedings, they first prepare the case from the Netherlands. Then they can come to court themselves, or a local attorney is called in to do the pleading or oral proceedings. Of course, the preference is always discussed with the client in advance. Would you like to know what Lexys Lawyers can do for you in Curacao? Then please <a href=\"https:\/\/lexysadvocaten.nl\/en\/contact\/\">contact<\/a> with us.<\/p>\n<h2>Association Lawyer needed in Curacao?<\/h2>\n<p>Please call us via WhatsApp, send us an email, or fill in the contact form below. We will then contact you as soon as possible by email or phone.<\/p>","protected":false},"excerpt":{"rendered":"<p>On Cura\u00e7ao, conflicts related to the Owners\u2018 Association (VvE) take place regularly. There are different types of such associations on the island. There is the \u2019ordinary\" Owners' Association, which is found in Book 5 of the Cura\u00e7ao Civil Code. These rules are almost the same as for VvE's in the Netherlands. In addition, in...<\/p>","protected":false},"author":4,"featured_media":0,"parent":5100,"menu_order":0,"comment_status":"closed","ping_status":"closed","template":"page-templates\/lawyer-curacao.php","meta":{"_acf_changed":false,"footnotes":""},"class_list":["post-5195","page","type-page","status-publish","hentry"],"acf":[],"yoast_head":"<!-- This site is optimized with the Yoast SEO plugin v26.9 - https:\/\/yoast.com\/product\/yoast-seo-wordpress\/ -->\n<title>VvE en appartementsrecht op Cura\u00e7ao - Lexys advocaten<\/title>\n<meta name=\"description\" content=\"Lexys Advocaten is d\u00e8 advocaat voor VvE in Cura\u00e7ao. De vastgoedadvocaten van Lexys zijn specialist in VvE&#039;s op Cura\u00e7ao.\" \/>\n<meta name=\"robots\" content=\"index, follow, max-snippet:-1, max-image-preview:large, max-video-preview:-1\" \/>\n<link rel=\"canonical\" href=\"https:\/\/lexysadvocaten.nl\/en\/lawyer-curacao\/vve-and-apartment-right-on-curacao\/\" \/>\n<meta property=\"og:locale\" content=\"en_US\" \/>\n<meta property=\"og:type\" content=\"article\" \/>\n<meta property=\"og:title\" content=\"VvE en appartementsrecht op Cura\u00e7ao - Lexys advocaten\" \/>\n<meta property=\"og:description\" content=\"Lexys Advocaten is d\u00e8 advocaat voor VvE in Cura\u00e7ao. De vastgoedadvocaten van Lexys zijn specialist in VvE&#039;s op Cura\u00e7ao.\" \/>\n<meta property=\"og:url\" content=\"https:\/\/lexysadvocaten.nl\/en\/lawyer-curacao\/vve-and-apartment-right-on-curacao\/\" \/>\n<meta property=\"og:site_name\" content=\"Lexys advocaten\" \/>\n<meta property=\"article:modified_time\" content=\"2026-03-24T10:27:41+00:00\" \/>\n<meta name=\"twitter:card\" content=\"summary_large_image\" \/>\n<meta name=\"twitter:label1\" content=\"Est. reading time\" \/>\n\t<meta name=\"twitter:data1\" content=\"3 minutes\" \/>\n<script type=\"application\/ld+json\" class=\"yoast-schema-graph\">{\"@context\":\"https:\/\/schema.org\",\"@graph\":[{\"@type\":\"WebPage\",\"@id\":\"https:\/\/lexysadvocaten.nl\/advocaat-curacao\/vve-en-appartementsrecht-op-curacao\/\",\"url\":\"https:\/\/lexysadvocaten.nl\/advocaat-curacao\/vve-en-appartementsrecht-op-curacao\/\",\"name\":\"VvE en appartementsrecht op Cura\u00e7ao - Lexys advocaten\",\"isPartOf\":{\"@id\":\"https:\/\/lexysadvocaten.nl\/#website\"},\"datePublished\":\"2025-02-21T15:02:48+00:00\",\"dateModified\":\"2026-03-24T10:27:41+00:00\",\"description\":\"Lexys Advocaten is d\u00e8 advocaat voor VvE in Cura\u00e7ao. De vastgoedadvocaten van Lexys zijn specialist in VvE's op Cura\u00e7ao.\",\"breadcrumb\":{\"@id\":\"https:\/\/lexysadvocaten.nl\/advocaat-curacao\/vve-en-appartementsrecht-op-curacao\/#breadcrumb\"},\"inLanguage\":\"en-US\",\"potentialAction\":[{\"@type\":\"ReadAction\",\"target\":[\"https:\/\/lexysadvocaten.nl\/advocaat-curacao\/vve-en-appartementsrecht-op-curacao\/\"]}]},{\"@type\":\"BreadcrumbList\",\"@id\":\"https:\/\/lexysadvocaten.nl\/advocaat-curacao\/vve-en-appartementsrecht-op-curacao\/#breadcrumb\",\"itemListElement\":[{\"@type\":\"ListItem\",\"position\":1,\"name\":\"Home\",\"item\":\"https:\/\/lexysadvocaten.nl\/\"},{\"@type\":\"ListItem\",\"position\":2,\"name\":\"Advocaat Cura\u00e7ao gespecialiseerd in vastgoed en VvE\",\"item\":\"https:\/\/lexysadvocaten.nl\/advocaat-curacao\/\"},{\"@type\":\"ListItem\",\"position\":3,\"name\":\"VvE en appartementsrecht op Cura\u00e7ao\"}]},{\"@type\":\"WebSite\",\"@id\":\"https:\/\/lexysadvocaten.nl\/#website\",\"url\":\"https:\/\/lexysadvocaten.nl\/\",\"name\":\"Lexys advocaten\",\"description\":\"\",\"potentialAction\":[{\"@type\":\"SearchAction\",\"target\":{\"@type\":\"EntryPoint\",\"urlTemplate\":\"https:\/\/lexysadvocaten.nl\/?s={search_term_string}\"},\"query-input\":{\"@type\":\"PropertyValueSpecification\",\"valueRequired\":true,\"valueName\":\"search_term_string\"}}],\"inLanguage\":\"en-US\"}]}<\/script>\n<!-- \/ Yoast SEO plugin. -->","yoast_head_json":{"title":"VvE and apartment law in Curacao - Lexys lawyers","description":"Lexys Lawyers is the lawyer for VvE in Curacao. Lexys' real estate lawyers are specialists in VvE's in Cura\u00e7ao.","robots":{"index":"index","follow":"follow","max-snippet":"max-snippet:-1","max-image-preview":"max-image-preview:large","max-video-preview":"max-video-preview:-1"},"canonical":"https:\/\/lexysadvocaten.nl\/en\/lawyer-curacao\/vve-and-apartment-right-on-curacao\/","og_locale":"en_US","og_type":"article","og_title":"VvE en appartementsrecht op Cura\u00e7ao - Lexys advocaten","og_description":"Lexys Advocaten is d\u00e8 advocaat voor VvE in Cura\u00e7ao. De vastgoedadvocaten van Lexys zijn specialist in VvE's op Cura\u00e7ao.","og_url":"https:\/\/lexysadvocaten.nl\/en\/lawyer-curacao\/vve-and-apartment-right-on-curacao\/","og_site_name":"Lexys advocaten","article_modified_time":"2026-03-24T10:27:41+00:00","twitter_card":"summary_large_image","twitter_misc":{"Est. reading time":"3 minutes"},"schema":{"@context":"https:\/\/schema.org","@graph":[{"@type":"WebPage","@id":"https:\/\/lexysadvocaten.nl\/advocaat-curacao\/vve-en-appartementsrecht-op-curacao\/","url":"https:\/\/lexysadvocaten.nl\/advocaat-curacao\/vve-en-appartementsrecht-op-curacao\/","name":"VvE and apartment law in Curacao - Lexys lawyers","isPartOf":{"@id":"https:\/\/lexysadvocaten.nl\/#website"},"datePublished":"2025-02-21T15:02:48+00:00","dateModified":"2026-03-24T10:27:41+00:00","description":"Lexys Lawyers is the lawyer for VvE in Curacao. Lexys' real estate lawyers are specialists in VvE's in Cura\u00e7ao.","breadcrumb":{"@id":"https:\/\/lexysadvocaten.nl\/advocaat-curacao\/vve-en-appartementsrecht-op-curacao\/#breadcrumb"},"inLanguage":"en-US","potentialAction":[{"@type":"ReadAction","target":["https:\/\/lexysadvocaten.nl\/advocaat-curacao\/vve-en-appartementsrecht-op-curacao\/"]}]},{"@type":"BreadcrumbList","@id":"https:\/\/lexysadvocaten.nl\/advocaat-curacao\/vve-en-appartementsrecht-op-curacao\/#breadcrumb","itemListElement":[{"@type":"ListItem","position":1,"name":"Home","item":"https:\/\/lexysadvocaten.nl\/"},{"@type":"ListItem","position":2,"name":"Advocaat Cura\u00e7ao gespecialiseerd in vastgoed en VvE","item":"https:\/\/lexysadvocaten.nl\/advocaat-curacao\/"},{"@type":"ListItem","position":3,"name":"VvE en appartementsrecht op Cura\u00e7ao"}]},{"@type":"WebSite","@id":"https:\/\/lexysadvocaten.nl\/#website","url":"https:\/\/lexysadvocaten.nl\/","name":"Lexys lawyers","description":"","potentialAction":[{"@type":"SearchAction","target":{"@type":"EntryPoint","urlTemplate":"https:\/\/lexysadvocaten.nl\/?s={search_term_string}"},"query-input":{"@type":"PropertyValueSpecification","valueRequired":true,"valueName":"search_term_string"}}],"inLanguage":"en-US"}]}},"_links":{"self":[{"href":"https:\/\/lexysadvocaten.nl\/en\/wp-json\/wp\/v2\/pages\/5195","targetHints":{"allow":["GET"]}}],"collection":[{"href":"https:\/\/lexysadvocaten.nl\/en\/wp-json\/wp\/v2\/pages"}],"about":[{"href":"https:\/\/lexysadvocaten.nl\/en\/wp-json\/wp\/v2\/types\/page"}],"author":[{"embeddable":true,"href":"https:\/\/lexysadvocaten.nl\/en\/wp-json\/wp\/v2\/users\/4"}],"replies":[{"embeddable":true,"href":"https:\/\/lexysadvocaten.nl\/en\/wp-json\/wp\/v2\/comments?post=5195"}],"version-history":[{"count":3,"href":"https:\/\/lexysadvocaten.nl\/en\/wp-json\/wp\/v2\/pages\/5195\/revisions"}],"predecessor-version":[{"id":7937,"href":"https:\/\/lexysadvocaten.nl\/en\/wp-json\/wp\/v2\/pages\/5195\/revisions\/7937"}],"up":[{"embeddable":true,"href":"https:\/\/lexysadvocaten.nl\/en\/wp-json\/wp\/v2\/pages\/5100"}],"wp:attachment":[{"href":"https:\/\/lexysadvocaten.nl\/en\/wp-json\/wp\/v2\/media?parent=5195"}],"curies":[{"name":"wp","href":"https:\/\/api.w.org\/{rel}","templated":true}]}}