{"id":5196,"date":"2025-02-21T15:02:48","date_gmt":"2025-02-21T15:02:48","guid":{"rendered":"https:\/\/lexysadvocaten.nl\/advocaat-curacao\/erfpacht-curacao\/"},"modified":"2026-03-24T11:27:29","modified_gmt":"2026-03-24T10:27:29","slug":"leasehold-curacao","status":"publish","type":"page","link":"https:\/\/lexysadvocaten.nl\/en\/lawyer-curacao\/leasehold-curacao\/","title":{"rendered":"Dispute over ground lease in Curacao"},"content":{"rendered":"<p><a href=\"https:\/\/lexysadvocaten.nl\/en\/jurisdictions\/real-estate-law\/leasehold\/\">Leasehold<\/a> is regulated in Cura\u00e7ao in articles 85 to 100 of <a href=\"http:\/\/lokaleregelgeving.overheid.nl\/143986\" target=\"_blank\" rel=\"noopener\">Book 5 of the Civil Code of Cura\u00e7ao<\/a>. On the island, government land is often issued on a long lease. The Refineria de K\u00f2rsau (RdK) has also issued land on a long lease. There are also forms of private leasehold on Cura\u00e7ao. This is when it does not involve government land or companies that belong to the government, such as RdK.<\/p>\n<h2>How does ground lease in Curacao work?<\/h2>\n<p>Leasehold in Cura\u00e7ao is an arrangement whereby a person (the leaseholder) acquires the right to use and operate a piece of land for a specified period of time, in return for payment of an annual fee to the owner of the land (the leaseholder). This arrangement is similar to leasing, in which the leaseholder acquires the right to use the land without becoming the owner.<\/p>\n<h2>Ground lease and ground lease deed<\/h2>\n<p>Leasehold is a legal construction that is common in Cura\u00e7ao. It is a way to be able to use land for an annual fee (the canon), without the user being confronted with the high lump sum costs for <a href=\"https:\/\/lexysadvocaten.nl\/en\/lawyer-curacao\/purchase-of-real-estate-on-curacao\/\">acquisition of full ownership<\/a>. The disadvantage is that ground lease is often for a fixed term (for example, 25, 50 or 75 years) and then, in principle, ends. This can cause conflicts between the leaseholder and ground leaseholder. Therefore, when buying a leasehold, it is important to pay close attention to what is stipulated in the leasehold deed about what happens after the expiration of the fixed term.<\/p>\n<h2>Lawyer leasehold Curacao<\/h2>\n<p>For advice on leasehold rights in Cura\u00e7ao, please consult the real estate lawyer at Lexys Advocaten. They have years of experience in advising and litigating on leasehold matters, not only in the Netherlands but also in Cura\u00e7ao.\u00a0 Would you like to contact us directly? Call us via WhatsApp, send us an email, or fill in the contact form below. We will contact you as soon as possible by email or phone.<\/p>","protected":false},"excerpt":{"rendered":"<p>Ground lease is regulated in Cura\u00e7ao in Articles 85 to 100 of Book 5 of the Civil Code of Cura\u00e7ao. On the island, government lands are often issued in ground lease. The Refineria de K\u00f2rsau (RdK) has also issued land on a long lease. There are also forms of private leasehold on Cura\u00e7ao. Of these...<\/p>","protected":false},"author":4,"featured_media":0,"parent":5100,"menu_order":0,"comment_status":"closed","ping_status":"closed","template":"page-templates\/lawyer-curacao.php","meta":{"_acf_changed":false,"footnotes":""},"class_list":["post-5196","page","type-page","status-publish","hentry"],"acf":[],"yoast_head":"<!-- This site is optimized with the Yoast SEO plugin v26.9 - https:\/\/yoast.com\/product\/yoast-seo-wordpress\/ -->\n<title>Geschil over erfpacht in Cura\u00e7ao - Lexys advocaten<\/title>\n<meta name=\"robots\" content=\"index, follow, max-snippet:-1, max-image-preview:large, max-video-preview:-1\" \/>\n<link rel=\"canonical\" href=\"https:\/\/lexysadvocaten.nl\/en\/lawyer-curacao\/leasehold-curacao\/\" \/>\n<meta property=\"og:locale\" content=\"en_US\" \/>\n<meta property=\"og:type\" content=\"article\" \/>\n<meta property=\"og:title\" content=\"Geschil over erfpacht in Cura\u00e7ao - Lexys advocaten\" \/>\n<meta property=\"og:description\" content=\"Erfpacht is in Cura\u00e7ao geregeld in de artikelen 85 tot en met 100 van boek 5 van het Burgerlijk Wetboek van Cura\u00e7ao. Op het eiland worden overheidsgronden vaak in erfpacht uitgegeven. Ook de Refineria de K\u00f2rsau (RdK) heeft gronden in erfpacht uitgegeven. Daarnaast zijn er ook vormen van particuliere erfpacht op Cura\u00e7ao te vinden. Daarvan...\" \/>\n<meta property=\"og:url\" content=\"https:\/\/lexysadvocaten.nl\/en\/lawyer-curacao\/leasehold-curacao\/\" \/>\n<meta property=\"og:site_name\" content=\"Lexys advocaten\" \/>\n<meta property=\"article:modified_time\" content=\"2026-03-24T10:27:29+00:00\" \/>\n<meta name=\"twitter:card\" content=\"summary_large_image\" \/>\n<meta name=\"twitter:label1\" content=\"Est. reading time\" \/>\n\t<meta name=\"twitter:data1\" content=\"2 minutes\" \/>\n<script type=\"application\/ld+json\" class=\"yoast-schema-graph\">{\"@context\":\"https:\/\/schema.org\",\"@graph\":[{\"@type\":\"WebPage\",\"@id\":\"https:\/\/lexysadvocaten.nl\/advocaat-curacao\/erfpacht-curacao\/\",\"url\":\"https:\/\/lexysadvocaten.nl\/advocaat-curacao\/erfpacht-curacao\/\",\"name\":\"Geschil over erfpacht in Cura\u00e7ao - Lexys advocaten\",\"isPartOf\":{\"@id\":\"https:\/\/lexysadvocaten.nl\/#website\"},\"datePublished\":\"2025-02-21T15:02:48+00:00\",\"dateModified\":\"2026-03-24T10:27:29+00:00\",\"breadcrumb\":{\"@id\":\"https:\/\/lexysadvocaten.nl\/advocaat-curacao\/erfpacht-curacao\/#breadcrumb\"},\"inLanguage\":\"en-US\",\"potentialAction\":[{\"@type\":\"ReadAction\",\"target\":[\"https:\/\/lexysadvocaten.nl\/advocaat-curacao\/erfpacht-curacao\/\"]}]},{\"@type\":\"BreadcrumbList\",\"@id\":\"https:\/\/lexysadvocaten.nl\/advocaat-curacao\/erfpacht-curacao\/#breadcrumb\",\"itemListElement\":[{\"@type\":\"ListItem\",\"position\":1,\"name\":\"Home\",\"item\":\"https:\/\/lexysadvocaten.nl\/\"},{\"@type\":\"ListItem\",\"position\":2,\"name\":\"Advocaat Cura\u00e7ao gespecialiseerd in vastgoed en VvE\",\"item\":\"https:\/\/lexysadvocaten.nl\/advocaat-curacao\/\"},{\"@type\":\"ListItem\",\"position\":3,\"name\":\"Geschil over erfpacht in Cura\u00e7ao\"}]},{\"@type\":\"WebSite\",\"@id\":\"https:\/\/lexysadvocaten.nl\/#website\",\"url\":\"https:\/\/lexysadvocaten.nl\/\",\"name\":\"Lexys advocaten\",\"description\":\"\",\"potentialAction\":[{\"@type\":\"SearchAction\",\"target\":{\"@type\":\"EntryPoint\",\"urlTemplate\":\"https:\/\/lexysadvocaten.nl\/?s={search_term_string}\"},\"query-input\":{\"@type\":\"PropertyValueSpecification\",\"valueRequired\":true,\"valueName\":\"search_term_string\"}}],\"inLanguage\":\"en-US\"}]}<\/script>\n<!-- \/ Yoast SEO plugin. -->","yoast_head_json":{"title":"Dispute over ground lease in Curacao - Lexys lawyers","robots":{"index":"index","follow":"follow","max-snippet":"max-snippet:-1","max-image-preview":"max-image-preview:large","max-video-preview":"max-video-preview:-1"},"canonical":"https:\/\/lexysadvocaten.nl\/en\/lawyer-curacao\/leasehold-curacao\/","og_locale":"en_US","og_type":"article","og_title":"Geschil over erfpacht in Cura\u00e7ao - Lexys advocaten","og_description":"Erfpacht is in Cura\u00e7ao geregeld in de artikelen 85 tot en met 100 van boek 5 van het Burgerlijk Wetboek van Cura\u00e7ao. Op het eiland worden overheidsgronden vaak in erfpacht uitgegeven. Ook de Refineria de K\u00f2rsau (RdK) heeft gronden in erfpacht uitgegeven. Daarnaast zijn er ook vormen van particuliere erfpacht op Cura\u00e7ao te vinden. Daarvan...","og_url":"https:\/\/lexysadvocaten.nl\/en\/lawyer-curacao\/leasehold-curacao\/","og_site_name":"Lexys advocaten","article_modified_time":"2026-03-24T10:27:29+00:00","twitter_card":"summary_large_image","twitter_misc":{"Est. reading time":"2 minutes"},"schema":{"@context":"https:\/\/schema.org","@graph":[{"@type":"WebPage","@id":"https:\/\/lexysadvocaten.nl\/advocaat-curacao\/erfpacht-curacao\/","url":"https:\/\/lexysadvocaten.nl\/advocaat-curacao\/erfpacht-curacao\/","name":"Dispute over ground lease in Curacao - Lexys lawyers","isPartOf":{"@id":"https:\/\/lexysadvocaten.nl\/#website"},"datePublished":"2025-02-21T15:02:48+00:00","dateModified":"2026-03-24T10:27:29+00:00","breadcrumb":{"@id":"https:\/\/lexysadvocaten.nl\/advocaat-curacao\/erfpacht-curacao\/#breadcrumb"},"inLanguage":"en-US","potentialAction":[{"@type":"ReadAction","target":["https:\/\/lexysadvocaten.nl\/advocaat-curacao\/erfpacht-curacao\/"]}]},{"@type":"BreadcrumbList","@id":"https:\/\/lexysadvocaten.nl\/advocaat-curacao\/erfpacht-curacao\/#breadcrumb","itemListElement":[{"@type":"ListItem","position":1,"name":"Home","item":"https:\/\/lexysadvocaten.nl\/"},{"@type":"ListItem","position":2,"name":"Advocaat Cura\u00e7ao gespecialiseerd in vastgoed en VvE","item":"https:\/\/lexysadvocaten.nl\/advocaat-curacao\/"},{"@type":"ListItem","position":3,"name":"Geschil over erfpacht in Cura\u00e7ao"}]},{"@type":"WebSite","@id":"https:\/\/lexysadvocaten.nl\/#website","url":"https:\/\/lexysadvocaten.nl\/","name":"Lexys lawyers","description":"","potentialAction":[{"@type":"SearchAction","target":{"@type":"EntryPoint","urlTemplate":"https:\/\/lexysadvocaten.nl\/?s={search_term_string}"},"query-input":{"@type":"PropertyValueSpecification","valueRequired":true,"valueName":"search_term_string"}}],"inLanguage":"en-US"}]}},"_links":{"self":[{"href":"https:\/\/lexysadvocaten.nl\/en\/wp-json\/wp\/v2\/pages\/5196","targetHints":{"allow":["GET"]}}],"collection":[{"href":"https:\/\/lexysadvocaten.nl\/en\/wp-json\/wp\/v2\/pages"}],"about":[{"href":"https:\/\/lexysadvocaten.nl\/en\/wp-json\/wp\/v2\/types\/page"}],"author":[{"embeddable":true,"href":"https:\/\/lexysadvocaten.nl\/en\/wp-json\/wp\/v2\/users\/4"}],"replies":[{"embeddable":true,"href":"https:\/\/lexysadvocaten.nl\/en\/wp-json\/wp\/v2\/comments?post=5196"}],"version-history":[{"count":2,"href":"https:\/\/lexysadvocaten.nl\/en\/wp-json\/wp\/v2\/pages\/5196\/revisions"}],"predecessor-version":[{"id":7936,"href":"https:\/\/lexysadvocaten.nl\/en\/wp-json\/wp\/v2\/pages\/5196\/revisions\/7936"}],"up":[{"embeddable":true,"href":"https:\/\/lexysadvocaten.nl\/en\/wp-json\/wp\/v2\/pages\/5100"}],"wp:attachment":[{"href":"https:\/\/lexysadvocaten.nl\/en\/wp-json\/wp\/v2\/media?parent=5196"}],"curies":[{"name":"wp","href":"https:\/\/api.w.org\/{rel}","templated":true}]}}